{"id":10,"date":"2016-10-05T10:48:29","date_gmt":"2016-10-05T13:48:29","guid":{"rendered":"http:\/\/sindifiba.org.br\/site\/?page_id=10"},"modified":"2021-11-01T19:08:42","modified_gmt":"2021-11-01T22:08:42","slug":"home","status":"publish","type":"page","link":"https:\/\/sindifiba.org.br\/site\/","title":{"rendered":"Home"},"content":{"rendered":"<p>[vc_row][vc_column width=&#8221;1\/2&#8243;][vc_column_text]<\/p>\n<h4>Siga-nos no Facebook<\/h4>\n<p>[\/vc_column_text][vc_empty_space height=&#8221;16px&#8221;][vc_raw_html]JTNDZGl2JTIwY2xhc3MlM0QlMjJmYi1wYWdlJTIyJTIwZGF0YS1ocmVmJTNEJTIyaHR0cHMlM0ElMkYlMkZ3d3cuZmFjZWJvb2suY29tJTJGU2luZGlmaWJhLUZpbGFudHJvcGlhLTI1OTM2MDc2NDQxODg3MSUyRiUyMiUyMGRhdGEtdGFicyUzRCUyMiUyMiUyMGRhdGEtd2lkdGglM0QlMjI1ODUlMjIlMjBkYXRhLWhlaWdodCUzRCUyMjI1MCUyMiUyMGRhdGEtc21hbGwtaGVhZGVyJTNEJTIyZmFsc2UlMjIlMjBkYXRhLWFkYXB0LWNvbnRhaW5lci13aWR0aCUzRCUyMnRydWUlMjIlMjBkYXRhLWhpZGUtY292ZXIlM0QlMjJmYWxzZSUyMiUyMGRhdGEtc2hvdy1mYWNlcGlsZSUzRCUyMnRydWUlMjIlM0UlM0NibG9ja3F1b3RlJTIwY2l0ZSUzRCUyMmh0dHBzJTNBJTJGJTJGd3d3LmZhY2Vib29rLmNvbSUyRlNpbmRpZmliYS1GaWxhbnRyb3BpYS0yNTkzNjA3NjQ0MTg4NzElMkYlMjIlMjBjbGFzcyUzRCUyMmZiLXhmYm1sLXBhcnNlLWlnbm9yZSUyMiUzRSUzQ2ElMjBocmVmJTNEJTIyaHR0cHMlM0ElMkYlMkZ3d3cuZmFjZWJvb2suY29tJTJGU2luZGlmaWJhLUZpbGFudHJvcGlhLTI1OTM2MDc2NDQxODg3MSUyRiUyMiUzRVNpbmRpZmliYSUyMEZpbGFudHJvcGlhJTNDJTJGYSUzRSUzQyUyRmJsb2NrcXVvdGUlM0UlM0MlMkZkaXYlM0U=[\/vc_raw_html][vc_empty_space][\/vc_column][vc_column width=&#8221;1\/2&#8243;][vc_column_text]<\/p>\n<h4>Siga-nos no\u00a0\u00a0LinkedIn<\/h4>\n<p>[\/vc_column_text][vc_empty_space height=&#8221;16px&#8221;][vc_single_image image=&#8221;1030&#8243; img_size=&#8221;680&#215;280&#8243; alignment=&#8221;center&#8221; onclick=&#8221;custom_link&#8221; img_link_target=&#8221;_blank&#8221; link=&#8221;https:\/\/www.linkedin.com\/in\/sindicato-stas-casas-entidades-filantr%C3%B3picas-da-bahia-bb774998\/&#8221;][vc_empty_space][\/vc_column][\/vc_row][vc_row][vc_column][vc_empty_space height=&#8221;16px&#8221;][vc_column_text]<\/p>\n<h4>Not\u00edcias<\/h4>\n<p>[\/vc_column_text][vc_empty_space height=&#8221;16px&#8221;]<div class=\"dt-blog-shortcode slider-wrapper  owl-carousel dt-owl-carousel-init arrows-light enable-mobile-arrows bg-on description-under-image\" data-padding-side=\"20\" data-autoslide=\"true\" data-delay=\"3000\" data-loop=\"false\" data-arrows=\"true\">\n\n\t<article class=\"post post-1197 type-post status-publish format-standard has-post-thumbnail hentry category-noticias category-1 bg-on description-off\">\n\n\t\t\n\t\t\t<div class=\"blog-media wf-td\">\n\n\t\t\t\t<p><a href=\"https:\/\/sindifiba.org.br\/site\/bahia-sera-sede-da-13a-convencao-brasileira-de-hospitais\/\" class=\"alignnone rollover layzr-bg\" ><img class=\"preload-me lazy-load\" src=\"data:image\/svg+xml,%3Csvg%20xmlns%3D&#39;http%3A%2F%2Fwww.w3.org%2F2000%2Fsvg&#39;%20viewBox%3D&#39;0%200%20302%20210&#39;%2F%3E\" data-src=\"https:\/\/sindifiba.org.br\/site\/wp-content\/uploads\/2019\/07\/banner_620x430-PARTICIPE-1-1-302x210.jpg\" data-srcset=\"https:\/\/sindifiba.org.br\/site\/wp-content\/uploads\/2019\/07\/banner_620x430-PARTICIPE-1-1-302x210.jpg 302w, https:\/\/sindifiba.org.br\/site\/wp-content\/uploads\/2019\/07\/banner_620x430-PARTICIPE-1-1-604x420.jpg 604w\" alt=\"\" title=\"banner_620x430-PARTICIPE (1) (1)\" width=\"302\" height=\"210\"  \/><\/a><\/p>\n\t\t\t<\/div>\n\n\t\t\n\t\t<div class=\"blog-content wf-td\">\n\t\t\t<h3 class=\"entry-title\"><a href=\"https:\/\/sindifiba.org.br\/site\/bahia-sera-sede-da-13a-convencao-brasileira-de-hospitais\/\" title=\"Bahia ser\u00e1 sede da 13\u00aa Conven\u00e7\u00e3o Brasileira de Hospitais\" rel=\"bookmark\">Bahia ser\u00e1 sede da 13\u00aa Conven\u00e7\u00e3o Brasileira de Hospitais<\/a><\/h3>\n\n\t\t\t\n\t\t<\/div>\n\n\t<\/article>\n\n\n\n\t<article class=\"post post-1192 type-post status-publish format-standard has-post-thumbnail hentry category-noticias category-1 bg-on description-off\">\n\n\t\t\n\t\t\t<div class=\"blog-media wf-td\">\n\n\t\t\t\t<p><a href=\"https:\/\/sindifiba.org.br\/site\/12o-worksaude-criatividade-e-inovacao-na-saude\/\" class=\"alignnone rollover layzr-bg\" ><img class=\"preload-me lazy-load\" src=\"data:image\/svg+xml,%3Csvg%20xmlns%3D&#39;http%3A%2F%2Fwww.w3.org%2F2000%2Fsvg&#39;%20viewBox%3D&#39;0%200%20320%20210&#39;%2F%3E\" data-src=\"https:\/\/sindifiba.org.br\/site\/wp-content\/uploads\/2019\/05\/Marca-2-12\u00ba-WorkSa\u00fade-2019-320x210.jpg\" data-srcset=\"https:\/\/sindifiba.org.br\/site\/wp-content\/uploads\/2019\/05\/Marca-2-12\u00ba-WorkSa\u00fade-2019-320x210.jpg 320w, https:\/\/sindifiba.org.br\/site\/wp-content\/uploads\/2019\/05\/Marca-2-12\u00ba-WorkSa\u00fade-2019-640x420.jpg 640w\" alt=\"\" title=\"Marca 2 &#8211; 12\u00ba WorkSa\u00fade 2019\" width=\"320\" height=\"210\"  \/><\/a><\/p>\n\t\t\t<\/div>\n\n\t\t\n\t\t<div class=\"blog-content wf-td\">\n\t\t\t<h3 class=\"entry-title\"><a href=\"https:\/\/sindifiba.org.br\/site\/12o-worksaude-criatividade-e-inovacao-na-saude\/\" title=\"12\u00ba Worksa\u00fade &#8211; Criatividade e Inova\u00e7\u00e3o na Sa\u00fade\" rel=\"bookmark\">12\u00ba Worksa\u00fade &#8211; Criatividade e Inova\u00e7\u00e3o na Sa\u00fade<\/a><\/h3>\n\n\t\t\t\n\t\t<\/div>\n\n\t<\/article>\n\n\n\n\t<article class=\"post post-1136 type-post status-publish format-standard has-post-thumbnail hentry category-noticias category-1 bg-on description-off\">\n\n\t\t\n\t\t\t<div class=\"blog-media wf-td\">\n\n\t\t\t\t<p><a href=\"https:\/\/sindifiba.org.br\/site\/instrucao-normativa-aprendizes\/\" class=\"alignnone rollover layzr-bg\" ><img class=\"preload-me lazy-load\" src=\"data:image\/svg+xml,%3Csvg%20xmlns%3D&#39;http%3A%2F%2Fwww.w3.org%2F2000%2Fsvg&#39;%20viewBox%3D&#39;0%200%20373%20210&#39;%2F%3E\" data-src=\"https:\/\/sindifiba.org.br\/site\/wp-content\/uploads\/2018\/07\/INSTRU\u00c7\u00c3O-NORMATIVA-373x210.jpg\" data-srcset=\"https:\/\/sindifiba.org.br\/site\/wp-content\/uploads\/2018\/07\/INSTRU\u00c7\u00c3O-NORMATIVA-373x210.jpg 373w, https:\/\/sindifiba.org.br\/site\/wp-content\/uploads\/2018\/07\/INSTRU\u00c7\u00c3O-NORMATIVA-746x420.jpg 746w\" alt=\"\" title=\"INSTRU\u00c7\u00c3O NORMATIVA\" width=\"373\" height=\"210\"  \/><\/a><\/p>\n\t\t\t<\/div>\n\n\t\t\n\t\t<div class=\"blog-content wf-td\">\n\t\t\t<h3 class=\"entry-title\"><a href=\"https:\/\/sindifiba.org.br\/site\/instrucao-normativa-aprendizes\/\" title=\"Instru\u00e7\u00e3o Normativa &#8211; Aprendizes\" rel=\"bookmark\">Instru\u00e7\u00e3o Normativa &#8211; Aprendizes<\/a><\/h3>\n\n\t\t\t\n\t\t<\/div>\n\n\t<\/article>\n\n\n\n\t<article class=\"post post-1077 type-post status-publish format-standard has-post-thumbnail hentry category-noticias category-1 bg-on description-off\">\n\n\t\t\n\t\t\t<div class=\"blog-media wf-td\">\n\n\t\t\t\t<p><a href=\"https:\/\/sindifiba.org.br\/site\/3o-consindhosfil-tem-programacao-definida\/\" class=\"alignnone rollover layzr-bg\" ><img class=\"preload-me lazy-load\" src=\"data:image\/svg+xml,%3Csvg%20xmlns%3D&#39;http%3A%2F%2Fwww.w3.org%2F2000%2Fsvg&#39;%20viewBox%3D&#39;0%200%20336%20210&#39;%2F%3E\" data-src=\"https:\/\/sindifiba.org.br\/site\/wp-content\/uploads\/2018\/05\/3\u00ba-ConSINDHOSFIL-336x210.jpg\" data-srcset=\"https:\/\/sindifiba.org.br\/site\/wp-content\/uploads\/2018\/05\/3\u00ba-ConSINDHOSFIL-336x210.jpg 336w, https:\/\/sindifiba.org.br\/site\/wp-content\/uploads\/2018\/05\/3\u00ba-ConSINDHOSFIL-672x420.jpg 672w\" alt=\"\" title=\"3\u00ba ConSINDHOSFIL\" width=\"336\" height=\"210\"  \/><\/a><\/p>\n\t\t\t<\/div>\n\n\t\t\n\t\t<div class=\"blog-content wf-td\">\n\t\t\t<h3 class=\"entry-title\"><a href=\"https:\/\/sindifiba.org.br\/site\/3o-consindhosfil-tem-programacao-definida\/\" title=\"3\u00ba ConSINDHOSFIL tem programa\u00e7\u00e3o definida\" rel=\"bookmark\">3\u00ba ConSINDHOSFIL tem programa\u00e7\u00e3o definida<\/a><\/h3>\n\n\t\t\t\n\t\t<\/div>\n\n\t<\/article>\n\n\n\n\t<article class=\"post post-1047 type-post status-publish format-standard has-post-thumbnail hentry category-noticias category-1 bg-on description-off\">\n\n\t\t\n\t\t\t<div class=\"blog-media wf-td\">\n\n\t\t\t\t<p><a href=\"https:\/\/sindifiba.org.br\/site\/iii-forum-de-saude-bahia-11o-worksaude\/\" class=\"alignnone rollover layzr-bg\" ><img class=\"preload-me lazy-load\" src=\"data:image\/svg+xml,%3Csvg%20xmlns%3D&#39;http%3A%2F%2Fwww.w3.org%2F2000%2Fsvg&#39;%20viewBox%3D&#39;0%200%20466%20210&#39;%2F%3E\" data-src=\"https:\/\/sindifiba.org.br\/site\/wp-content\/uploads\/2018\/03\/Marca-III-F\u00f3rum-de-Sa\u00fade-Bahia-11\u00ba-WorkSa\u00fade-2018-2-466x210.jpg\" data-srcset=\"https:\/\/sindifiba.org.br\/site\/wp-content\/uploads\/2018\/03\/Marca-III-F\u00f3rum-de-Sa\u00fade-Bahia-11\u00ba-WorkSa\u00fade-2018-2-466x210.jpg 466w, https:\/\/sindifiba.org.br\/site\/wp-content\/uploads\/2018\/03\/Marca-III-F\u00f3rum-de-Sa\u00fade-Bahia-11\u00ba-WorkSa\u00fade-2018-2-932x420.jpg 932w\" alt=\"\" title=\"Marca &#8211; III F\u00f3rum de Sa\u00fade Bahia &#8211; 11\u00ba WorkSa\u00fade 2018 (2)\" width=\"466\" height=\"210\"  \/><\/a><\/p>\n\t\t\t<\/div>\n\n\t\t\n\t\t<div class=\"blog-content wf-td\">\n\t\t\t<h3 class=\"entry-title\"><a href=\"https:\/\/sindifiba.org.br\/site\/iii-forum-de-saude-bahia-11o-worksaude\/\" title=\"III F\u00f3rum de Sa\u00fade Bahia &#8211; 11\u00ba Worksa\u00fade\" rel=\"bookmark\">III F\u00f3rum de Sa\u00fade Bahia &#8211; 11\u00ba Worksa\u00fade<\/a><\/h3>\n\n\t\t\t\n\t\t<\/div>\n\n\t<\/article>\n\n\n\n\t<article class=\"post post-1021 type-post status-publish format-standard has-post-thumbnail hentry category-noticias category-1 bg-on description-off\">\n\n\t\t\n\t\t\t<div class=\"blog-media wf-td\">\n\n\t\t\t\t<p><a href=\"https:\/\/sindifiba.org.br\/site\/edital-de-convocacao-assembleia-geral\/\" class=\"alignnone rollover layzr-bg\" ><img class=\"preload-me lazy-load\" src=\"data:image\/svg+xml,%3Csvg%20xmlns%3D&#39;http%3A%2F%2Fwww.w3.org%2F2000%2Fsvg&#39;%20viewBox%3D&#39;0%200%20336%20210&#39;%2F%3E\" data-src=\"https:\/\/sindifiba.org.br\/site\/wp-content\/uploads\/2017\/10\/EDITAL-DE-CONVOCA\u00c7\u00c3O-e1507207452147-336x210.png\" data-srcset=\"https:\/\/sindifiba.org.br\/site\/wp-content\/uploads\/2017\/10\/EDITAL-DE-CONVOCA\u00c7\u00c3O-e1507207452147-336x210.png 336w, https:\/\/sindifiba.org.br\/site\/wp-content\/uploads\/2017\/10\/EDITAL-DE-CONVOCA\u00c7\u00c3O-e1507207452147.png 560w\" alt=\"\" title=\"EDITAL DE CONVOCA\u00c7\u00c3O\" width=\"336\" height=\"210\"  \/><\/a><\/p>\n\t\t\t<\/div>\n\n\t\t\n\t\t<div class=\"blog-content wf-td\">\n\t\t\t<h3 class=\"entry-title\"><a href=\"https:\/\/sindifiba.org.br\/site\/edital-de-convocacao-assembleia-geral\/\" title=\"Edital de Convoca\u00e7\u00e3o &#8211; Assembleia Geral\" rel=\"bookmark\">Edital de Convoca\u00e7\u00e3o &#8211; Assembleia Geral<\/a><\/h3>\n\n\t\t\t\n\t\t<\/div>\n\n\t<\/article>\n\n\n\n\t<article class=\"post post-909 type-post status-publish format-standard has-post-thumbnail hentry category-noticias category-1 bg-on description-off\">\n\n\t\t\n\t\t\t<div class=\"blog-media wf-td\">\n\n\t\t\t\t<p><a href=\"https:\/\/sindifiba.org.br\/site\/trabalhistaprevidenciariatributaria-federal-empresas-poderao-testar-ambiente-do-esocial-a-partir-do-proximo-mes\/\" class=\"alignnone rollover layzr-bg\" ><img class=\"preload-me lazy-load\" src=\"data:image\/svg+xml,%3Csvg%20xmlns%3D&#39;http%3A%2F%2Fwww.w3.org%2F2000%2Fsvg&#39;%20viewBox%3D&#39;0%200%20326%20210&#39;%2F%3E\" data-src=\"https:\/\/sindifiba.org.br\/site\/wp-content\/uploads\/2017\/05\/esocial-vertical-326x210.jpg\" data-srcset=\"https:\/\/sindifiba.org.br\/site\/wp-content\/uploads\/2017\/05\/esocial-vertical-326x210.jpg 326w, https:\/\/sindifiba.org.br\/site\/wp-content\/uploads\/2017\/05\/esocial-vertical.jpg 333w\" alt=\"\" title=\"esocial-vertical\" width=\"326\" height=\"210\"  \/><\/a><\/p>\n\t\t\t<\/div>\n\n\t\t\n\t\t<div class=\"blog-content wf-td\">\n\t\t\t<h3 class=\"entry-title\"><a href=\"https:\/\/sindifiba.org.br\/site\/trabalhistaprevidenciariatributaria-federal-empresas-poderao-testar-ambiente-do-esocial-a-partir-do-proximo-mes\/\" title=\"Trabalhista\/Previdenci\u00e1ria\/Tribut\u00e1ria Federal &#8211; Empresas poder\u00e3o testar ambiente do eSocial a partir do pr\u00f3ximo m\u00eas.\" rel=\"bookmark\">Trabalhista\/Previdenci\u00e1ria\/Tribut\u00e1ria Federal &#8211; Empresas poder\u00e3o testar ambiente do eSocial a partir do pr\u00f3ximo m\u00eas.<\/a><\/h3>\n\n\t\t\t\n\t\t<\/div>\n\n\t<\/article>\n\n\n\n\t<article class=\"post post-888 type-post status-publish format-standard has-post-thumbnail hentry category-noticias category-1 bg-on description-off\">\n\n\t\t\n\t\t\t<div class=\"blog-media wf-td\">\n\n\t\t\t\t<p><a href=\"https:\/\/sindifiba.org.br\/site\/eleicoes-sindifiba-2017-a-2020\/\" class=\"alignnone rollover layzr-bg\" ><img class=\"preload-me lazy-load\" src=\"data:image\/svg+xml,%3Csvg%20xmlns%3D&#39;http%3A%2F%2Fwww.w3.org%2F2000%2Fsvg&#39;%20viewBox%3D&#39;0%200%20279%20210&#39;%2F%3E\" data-src=\"https:\/\/sindifiba.org.br\/site\/wp-content\/uploads\/2017\/03\/IMG_20170315_091531634-279x210.jpg\" data-srcset=\"https:\/\/sindifiba.org.br\/site\/wp-content\/uploads\/2017\/03\/IMG_20170315_091531634-279x210.jpg 279w, https:\/\/sindifiba.org.br\/site\/wp-content\/uploads\/2017\/03\/IMG_20170315_091531634-558x420.jpg 558w\" alt=\"\" title=\"IMG_20170315_091531634\" width=\"279\" height=\"210\"  \/><\/a><\/p>\n\t\t\t<\/div>\n\n\t\t\n\t\t<div class=\"blog-content wf-td\">\n\t\t\t<h3 class=\"entry-title\"><a href=\"https:\/\/sindifiba.org.br\/site\/eleicoes-sindifiba-2017-a-2020\/\" title=\"Elei\u00e7\u00f5es SINDIFIBA &#8211; 2017 a 2020\" rel=\"bookmark\">Elei\u00e7\u00f5es SINDIFIBA &#8211; 2017 a 2020<\/a><\/h3>\n\n\t\t\t\n\t\t<\/div>\n\n\t<\/article>\n\n\n\n\t<article class=\"post post-868 type-post status-publish format-standard has-post-thumbnail hentry category-noticias category-1 bg-on description-off\">\n\n\t\t\n\t\t\t<div class=\"blog-media wf-td\">\n\n\t\t\t\t<p><a href=\"https:\/\/sindifiba.org.br\/site\/conteudo-da-circular-032016-do-sindifarma\/\" class=\"alignnone rollover layzr-bg\" ><img class=\"preload-me lazy-load\" src=\"data:image\/svg+xml,%3Csvg%20xmlns%3D&#39;http%3A%2F%2Fwww.w3.org%2F2000%2Fsvg&#39;%20viewBox%3D&#39;0%200%20199%2079&#39;%2F%3E\" data-src=\"https:\/\/sindifiba.org.br\/site\/wp-content\/uploads\/2017\/02\/comunicado_2-e1493218786287.png\" data-srcset=\"https:\/\/sindifiba.org.br\/site\/wp-content\/uploads\/2017\/02\/comunicado_2-e1493218786287.png 199w\" alt=\"\" title=\"comunicado_2\" width=\"199\" height=\"79\"  \/><\/a><\/p>\n\t\t\t<\/div>\n\n\t\t\n\t\t<div class=\"blog-content wf-td\">\n\t\t\t<h3 class=\"entry-title\"><a href=\"https:\/\/sindifiba.org.br\/site\/conteudo-da-circular-032016-do-sindifarma\/\" title=\"Conte\u00fado da Circular 03\/2016 do SINDIFARMA\" rel=\"bookmark\">Conte\u00fado da Circular 03\/2016 do SINDIFARMA<\/a><\/h3>\n\n\t\t\t\n\t\t<\/div>\n\n\t<\/article>\n\n\n\n\t<article class=\"post post-854 type-post status-publish format-standard has-post-thumbnail hentry category-noticias category-1 bg-on description-off\">\n\n\t\t\n\t\t\t<div class=\"blog-media wf-td\">\n\n\t\t\t\t<p><a href=\"https:\/\/sindifiba.org.br\/site\/confraternizacao-2016\/\" class=\"alignnone rollover layzr-bg\" ><img class=\"preload-me lazy-load\" src=\"data:image\/svg+xml,%3Csvg%20xmlns%3D&#39;http%3A%2F%2Fwww.w3.org%2F2000%2Fsvg&#39;%20viewBox%3D&#39;0%200%20278%20210&#39;%2F%3E\" data-src=\"https:\/\/sindifiba.org.br\/site\/wp-content\/uploads\/2016\/12\/DSC02958-278x210.jpg\" data-srcset=\"https:\/\/sindifiba.org.br\/site\/wp-content\/uploads\/2016\/12\/DSC02958-278x210.jpg 278w, https:\/\/sindifiba.org.br\/site\/wp-content\/uploads\/2016\/12\/DSC02958.jpg 549w\" alt=\"\"  width=\"278\" height=\"210\"  \/><\/a><\/p>\n\t\t\t<\/div>\n\n\t\t\n\t\t<div class=\"blog-content wf-td\">\n\t\t\t<h3 class=\"entry-title\"><a href=\"https:\/\/sindifiba.org.br\/site\/confraternizacao-2016\/\" title=\"Confraterniza\u00e7\u00e3o 2016 SINDIFIBA\" rel=\"bookmark\">Confraterniza\u00e7\u00e3o 2016 SINDIFIBA<\/a><\/h3>\n\n\t\t\t\n\t\t<\/div>\n\n\t<\/article>\n\n<\/div>[\/vc_column][\/vc_row]<\/p>\n","protected":false},"excerpt":{"rendered":"<p>[vc_row][vc_column width=&#8221;1\/2&#8243;][vc_column_text] Siga-nos no Facebook [\/vc_column_text][vc_empty_space height=&#8221;16px&#8221;][vc_raw_html]JTNDZGl2JTIwY2xhc3MlM0QlMjJmYi1wYWdlJTIyJTIwZGF0YS1ocmVmJTNEJTIyaHR0cHMlM0ElMkYlMkZ3d3cuZmFjZWJvb2suY29tJTJGU2luZGlmaWJhLUZpbGFudHJvcGlhLTI1OTM2MDc2NDQxODg3MSUyRiUyMiUyMGRhdGEtdGFicyUzRCUyMiUyMiUyMGRhdGEtd2lkdGglM0QlMjI1ODUlMjIlMjBkYXRhLWhlaWdodCUzRCUyMjI1MCUyMiUyMGRhdGEtc21hbGwtaGVhZGVyJTNEJTIyZmFsc2UlMjIlMjBkYXRhLWFkYXB0LWNvbnRhaW5lci13aWR0aCUzRCUyMnRydWUlMjIlMjBkYXRhLWhpZGUtY292ZXIlM0QlMjJmYWxzZSUyMiUyMGRhdGEtc2hvdy1mYWNlcGlsZSUzRCUyMnRydWUlMjIlM0UlM0NibG9ja3F1b3RlJTIwY2l0ZSUzRCUyMmh0dHBzJTNBJTJGJTJGd3d3LmZhY2Vib29rLmNvbSUyRlNpbmRpZmliYS1GaWxhbnRyb3BpYS0yNTkzNjA3NjQ0MTg4NzElMkYlMjIlMjBjbGFzcyUzRCUyMmZiLXhmYm1sLXBhcnNlLWlnbm9yZSUyMiUzRSUzQ2ElMjBocmVmJTNEJTIyaHR0cHMlM0ElMkYlMkZ3d3cuZmFjZWJvb2suY29tJTJGU2luZGlmaWJhLUZpbGFudHJvcGlhLTI1OTM2MDc2NDQxODg3MSUyRiUyMiUzRVNpbmRpZmliYSUyMEZpbGFudHJvcGlhJTNDJTJGYSUzRSUzQyUyRmJsb2NrcXVvdGUlM0UlM0MlMkZkaXYlM0U=[\/vc_raw_html][vc_empty_space][\/vc_column][vc_column width=&#8221;1\/2&#8243;][vc_column_text] Siga-nos no\u00a0\u00a0LinkedIn [\/vc_column_text][vc_empty_space height=&#8221;16px&#8221;][vc_single_image image=&#8221;1030&#8243; img_size=&#8221;680&#215;280&#8243; alignment=&#8221;center&#8221; onclick=&#8221;custom_link&#8221; img_link_target=&#8221;_blank&#8221; link=&#8221;https:\/\/www.linkedin.com\/in\/sindicato-stas-casas-entidades-filantr%C3%B3picas-da-bahia-bb774998\/&#8221;][vc_empty_space][\/vc_column][\/vc_row][vc_row][vc_column][vc_empty_space height=&#8221;16px&#8221;][vc_column_text] Not\u00edcias [\/vc_column_text][vc_empty_space height=&#8221;16px&#8221;][\/vc_column][\/vc_row]<\/p>\n","protected":false},"author":1,"featured_media":0,"parent":0,"menu_order":0,"comment_status":"closed","ping_status":"closed","template":"","meta":[],"_links":{"self":[{"href":"https:\/\/sindifiba.org.br\/site\/wp-json\/wp\/v2\/pages\/10"}],"collection":[{"href":"https:\/\/sindifiba.org.br\/site\/wp-json\/wp\/v2\/pages"}],"about":[{"href":"https:\/\/sindifiba.org.br\/site\/wp-json\/wp\/v2\/types\/page"}],"author":[{"embeddable":true,"href":"https:\/\/sindifiba.org.br\/site\/wp-json\/wp\/v2\/users\/1"}],"replies":[{"embeddable":true,"href":"https:\/\/sindifiba.org.br\/site\/wp-json\/wp\/v2\/comments?post=10"}],"version-history":[{"count":24,"href":"https:\/\/sindifiba.org.br\/site\/wp-json\/wp\/v2\/pages\/10\/revisions"}],"predecessor-version":[{"id":1371,"href":"https:\/\/sindifiba.org.br\/site\/wp-json\/wp\/v2\/pages\/10\/revisions\/1371"}],"wp:attachment":[{"href":"https:\/\/sindifiba.org.br\/site\/wp-json\/wp\/v2\/media?parent=10"}],"curies":[{"name":"wp","href":"https:\/\/api.w.org\/{rel}","templated":true}]}}