{"id":1002,"date":"2017-09-20T19:12:36","date_gmt":"2017-09-20T22:12:36","guid":{"rendered":"http:\/\/sindifiba.org.br\/site\/?page_id=1002"},"modified":"2018-08-07T11:15:49","modified_gmt":"2018-08-07T14:15:49","slug":"2017-2018","status":"publish","type":"page","link":"https:\/\/sindifiba.org.br\/site\/2017-2018\/","title":{"rendered":"2017-2018"},"content":{"rendered":"<iframe src=\"\/\/docs.google.com\/viewer?url=https%3A%2F%2Fsindifiba.org.br%2Fsite%2Fwp-content%2Fuploads%2F2017%2F09%2FCONVEN%C3%87%C3%83O-SINDISA%C3%9ADE-2017-2018-Assinada.pdf&hl=pt_BR&embedded=true\" class=\"gde-frame\" style=\"width:100%; height:700px; border: none;\" scrolling=\"no\"><\/iframe>\n<p class=\"gde-text\"><a href=\"https:\/\/sindifiba.org.br\/site\/wp-content\/uploads\/2017\/09\/CONVEN\u00c7\u00c3O-SINDISA\u00daDE-2017-2018-Assinada.pdf\" class=\"gde-link\">Download (PDF, 1.19MB)<\/a><\/p>\n<iframe src=\"\/\/docs.google.com\/viewer?url=https%3A%2F%2Fsindifiba.org.br%2Fsite%2Fwp-content%2Fuploads%2F2017%2F09%2FCONVEN%C3%87%C3%83O-SEEB-2017-2018-Assinada.pdf&hl=pt_BR&embedded=true\" class=\"gde-frame\" style=\"width:100%; height:700px; border: none;\" scrolling=\"no\"><\/iframe>\n<p class=\"gde-text\"><a href=\"https:\/\/sindifiba.org.br\/site\/wp-content\/uploads\/2017\/09\/CONVEN\u00c7\u00c3O-SEEB-2017-2018-Assinada.pdf\" class=\"gde-link\">Download (PDF, 1023KB)<\/a><\/p>\n<iframe src=\"\/\/docs.google.com\/viewer?url=https%3A%2F%2Fsindifiba.org.br%2Fsite%2Fwp-content%2Fuploads%2F2017%2F10%2FCONVEN%C3%87%C3%83O-SINDIMED-2017-2018-Assinada.pdf&hl=pt_BR&embedded=true\" class=\"gde-frame\" style=\"width:100%; height:700px; border: none;\" scrolling=\"no\"><\/iframe>\n<p class=\"gde-text\"><a href=\"https:\/\/sindifiba.org.br\/site\/wp-content\/uploads\/2017\/10\/CONVEN\u00c7\u00c3O-SINDIMED-2017-2018-Assinada.pdf\" class=\"gde-link\">Download (PDF, 685KB)<\/a><\/p>\n<iframe src=\"\/\/docs.google.com\/viewer?url=https%3A%2F%2Fsindifiba.org.br%2Fsite%2Fwp-content%2Fuploads%2F2017%2F09%2FCONVEN%C3%87%C3%83O-SASB-2017-2018-Assinada.pdf&hl=pt_BR&embedded=true\" class=\"gde-frame\" style=\"width:100%; height:700px; border: none;\" scrolling=\"no\"><\/iframe>\n<p class=\"gde-text\"><a href=\"https:\/\/sindifiba.org.br\/site\/wp-content\/uploads\/2017\/09\/CONVEN\u00c7\u00c3O-SASB-2017-2018-Assinada.pdf\" class=\"gde-link\">Download (PDF, 1.04MB)<\/a><\/p>\n<iframe src=\"\/\/docs.google.com\/viewer?url=https%3A%2F%2Fsindifiba.org.br%2Fsite%2Fwp-content%2Fuploads%2F2017%2F09%2FCONVEN%C3%87%C3%83O-SINDIFARMA-2017-2018-Assinada.pdf&hl=pt_BR&embedded=true\" class=\"gde-frame\" style=\"width:100%; height:700px; border: none;\" scrolling=\"no\"><\/iframe>\n<p class=\"gde-text\"><a href=\"https:\/\/sindifiba.org.br\/site\/wp-content\/uploads\/2017\/09\/CONVEN\u00c7\u00c3O-SINDIFARMA-2017-2018-Assinada.pdf\" class=\"gde-link\">Download (PDF, 1018KB)<\/a><\/p>\n<iframe src=\"\/\/docs.google.com\/viewer?url=https%3A%2F%2Fsindifiba.org.br%2Fsite%2Fwp-content%2Fuploads%2F2017%2F09%2FCONVEN%C3%87%C3%83O-SINDIMAGEM-2017-2018-Assinada.pdf&hl=pt_BR&embedded=true\" class=\"gde-frame\" style=\"width:100%; height:700px; border: none;\" scrolling=\"no\"><\/iframe>\n<p class=\"gde-text\"><a href=\"https:\/\/sindifiba.org.br\/site\/wp-content\/uploads\/2017\/09\/CONVEN\u00c7\u00c3O-SINDIMAGEM-2017-2018-Assinada.pdf\" class=\"gde-link\">Download (PDF, 1007KB)<\/a><\/p>\n<iframe src=\"\/\/docs.google.com\/viewer?url=https%3A%2F%2Fsindifiba.org.br%2Fsite%2Fwp-content%2Fuploads%2F2017%2F09%2FCONVEN%C3%87%C3%83O-SINDNUT-2017-2018-Assinada.pdf&hl=pt_BR&embedded=true\" class=\"gde-frame\" style=\"width:100%; height:700px; border: none;\" scrolling=\"no\"><\/iframe>\n<p class=\"gde-text\"><a href=\"https:\/\/sindifiba.org.br\/site\/wp-content\/uploads\/2017\/09\/CONVEN\u00c7\u00c3O-SINDNUT-2017-2018-Assinada.pdf\" class=\"gde-link\">Download (PDF, 1.04MB)<\/a><\/p>\n<iframe src=\"\/\/docs.google.com\/viewer?url=https%3A%2F%2Fsindifiba.org.br%2Fsite%2Fwp-content%2Fuploads%2F2017%2F09%2FCONVEN%C3%87%C3%83O-SINFITO-2017-2018-Assinada.pdf&hl=pt_BR&embedded=true\" class=\"gde-frame\" style=\"width:100%; height:700px; border: none;\" scrolling=\"no\"><\/iframe>\n<p class=\"gde-text\"><a href=\"https:\/\/sindifiba.org.br\/site\/wp-content\/uploads\/2017\/09\/CONVEN\u00c7\u00c3O-SINFITO-2017-2018-Assinada.pdf\" class=\"gde-link\">Download (PDF, 1.01MB)<\/a><\/p>\n<iframe src=\"\/\/docs.google.com\/viewer?url=https%3A%2F%2Fsindifiba.org.br%2Fsite%2Fwp-content%2Fuploads%2F2017%2F09%2FCONVEN%C3%87%C3%83O-SINPSIBA-2017-2018-Assinada.pdf&hl=pt_BR&embedded=true\" class=\"gde-frame\" style=\"width:100%; height:700px; border: none;\" scrolling=\"no\"><\/iframe>\n<p class=\"gde-text\"><a href=\"https:\/\/sindifiba.org.br\/site\/wp-content\/uploads\/2017\/09\/CONVEN\u00c7\u00c3O-SINPSIBA-2017-2018-Assinada.pdf\" class=\"gde-link\">Download (PDF, 1005KB)<\/a><\/p>\n","protected":false},"excerpt":{"rendered":"<p>Download (PDF, 1.19MB) Download (PDF, 1023KB) Download (PDF, 685KB) Download (PDF, 1.04MB) Download (PDF, 1018KB) Download (PDF, 1007KB) Download (PDF, 1.04MB) Download (PDF, 1.01MB) Download (PDF, 1005KB)<\/p>\n","protected":false},"author":1,"featured_media":0,"parent":0,"menu_order":0,"comment_status":"closed","ping_status":"closed","template":"","meta":[],"_links":{"self":[{"href":"https:\/\/sindifiba.org.br\/site\/wp-json\/wp\/v2\/pages\/1002"}],"collection":[{"href":"https:\/\/sindifiba.org.br\/site\/wp-json\/wp\/v2\/pages"}],"about":[{"href":"https:\/\/sindifiba.org.br\/site\/wp-json\/wp\/v2\/types\/page"}],"author":[{"embeddable":true,"href":"https:\/\/sindifiba.org.br\/site\/wp-json\/wp\/v2\/users\/1"}],"replies":[{"embeddable":true,"href":"https:\/\/sindifiba.org.br\/site\/wp-json\/wp\/v2\/comments?post=1002"}],"version-history":[{"count":6,"href":"https:\/\/sindifiba.org.br\/site\/wp-json\/wp\/v2\/pages\/1002\/revisions"}],"predecessor-version":[{"id":1145,"href":"https:\/\/sindifiba.org.br\/site\/wp-json\/wp\/v2\/pages\/1002\/revisions\/1145"}],"wp:attachment":[{"href":"https:\/\/sindifiba.org.br\/site\/wp-json\/wp\/v2\/media?parent=1002"}],"curies":[{"name":"wp","href":"https:\/\/api.w.org\/{rel}","templated":true}]}}