{"id":1147,"date":"2018-08-23T15:19:18","date_gmt":"2018-08-23T18:19:18","guid":{"rendered":"http:\/\/sindifiba.org.br\/site\/?page_id=1147"},"modified":"2019-02-25T15:38:56","modified_gmt":"2019-02-25T18:38:56","slug":"2018-2019","status":"publish","type":"page","link":"https:\/\/sindifiba.org.br\/site\/2018-2019\/","title":{"rendered":"2018-2019"},"content":{"rendered":"<p>SINDISA\u00daDE CCT 2018\/2019 &#8211;\u00a0<strong>N\u00ba DE REGISTRO NO MTE: BA000457\/2018 &#8211;\u00a0N\u00ba DA SOLICITA\u00c7\u00c3O: MR044318\/2018<\/strong><\/p>\n<iframe src=\"\/\/docs.google.com\/viewer?url=https%3A%2F%2Fsindifiba.org.br%2Fsite%2Fwp-content%2Fuploads%2F2018%2F08%2FCONVEN%C3%87%C3%83O-SINDISA%C3%9ADE-2018-2019-Assinada.pdf&hl=pt_BR&embedded=true\" class=\"gde-frame\" style=\"width:100%; height:700px; border: none;\" scrolling=\"no\"><\/iframe>\n<p class=\"gde-text\"><a href=\"https:\/\/sindifiba.org.br\/site\/wp-content\/uploads\/2018\/08\/CONVEN\u00c7\u00c3O-SINDISA\u00daDE-2018-2019-Assinada.pdf\" class=\"gde-link\">Download (PDF, 3.03MB)<\/a><\/p>\n<p>SEEB CCT 2018\/2019 &#8211;\u00a0<strong>N\u00ba DE REGISTRO NO MTE: BA000496\/2018 &#8211;\u00a0N\u00ba DA SOLICITA\u00c7\u00c3O: MR045166\/2018<\/strong><\/p>\n<iframe src=\"\/\/docs.google.com\/viewer?url=https%3A%2F%2Fsindifiba.org.br%2Fsite%2Fwp-content%2Fuploads%2F2018%2F08%2FCONVEN%C3%87%C3%83O-SEEB-2018-2019-Assinada.pdf&hl=pt_BR&embedded=true\" class=\"gde-frame\" style=\"width:100%; height:700px; border: none;\" scrolling=\"no\"><\/iframe>\n<p class=\"gde-text\"><a href=\"https:\/\/sindifiba.org.br\/site\/wp-content\/uploads\/2018\/08\/CONVEN\u00c7\u00c3O-SEEB-2018-2019-Assinada.pdf\" class=\"gde-link\">Download (PDF, 2.41MB)<\/a><\/p>\n<p>SINDIMED CCT 2018\/2019<\/p>\n<iframe src=\"\/\/docs.google.com\/viewer?url=https%3A%2F%2Fsindifiba.org.br%2Fsite%2Fwp-content%2Fuploads%2F2018%2F10%2FCONVEN%C3%87%C3%83O-SINDIMED-2018-2019-Assinada.pdf&hl=pt_BR&embedded=true\" class=\"gde-frame\" style=\"width:100%; height:700px; border: none;\" scrolling=\"no\"><\/iframe>\n<p class=\"gde-text\"><a href=\"https:\/\/sindifiba.org.br\/site\/wp-content\/uploads\/2018\/10\/CONVEN\u00c7\u00c3O-SINDIMED-2018-2019-Assinada.pdf\" class=\"gde-link\">Download (PDF, 2.29MB)<\/a><\/p>\n<p>TERMO ADITIVO SINDIMED CCT 2018\/2019<\/p>\n<iframe src=\"\/\/docs.google.com\/viewer?url=https%3A%2F%2Fsindifiba.org.br%2Fsite%2Fwp-content%2Fuploads%2F2018%2F10%2FTERMO-ADITIVO-CCT-SINDIMED-2018-2019.pdf&hl=pt_BR&embedded=true\" class=\"gde-frame\" style=\"width:100%; height:700px; border: none;\" scrolling=\"no\"><\/iframe>\n<p class=\"gde-text\"><a href=\"https:\/\/sindifiba.org.br\/site\/wp-content\/uploads\/2018\/10\/TERMO-ADITIVO-CCT-SINDIMED-2018-2019.pdf\" class=\"gde-link\">Download (PDF, 182KB)<\/a><\/p>\n<p>SINDNUT CCT 2018\/2019 &#8211;\u00a0<strong>N\u00ba DE REGISTRO NO MTE: BA000456\/2018 &#8211;\u00a0N\u00ba DA SOLICITA\u00c7\u00c3O: MR046106\/2018<\/strong><\/p>\n<iframe src=\"\/\/docs.google.com\/viewer?url=https%3A%2F%2Fsindifiba.org.br%2Fsite%2Fwp-content%2Fuploads%2F2018%2F08%2FCONVEN%C3%87%C3%83O-SINDNUT-2018-2019-Assinada.pdf&hl=pt_BR&embedded=true\" class=\"gde-frame\" style=\"width:100%; height:700px; border: none;\" scrolling=\"no\"><\/iframe>\n<p class=\"gde-text\"><a href=\"https:\/\/sindifiba.org.br\/site\/wp-content\/uploads\/2018\/08\/CONVEN\u00c7\u00c3O-SINDNUT-2018-2019-Assinada.pdf\" class=\"gde-link\">Download (PDF, 2.51MB)<\/a><\/p>\n<p>SINPSIBA CCT 2018\/2019<\/p>\n<iframe src=\"\/\/docs.google.com\/viewer?url=https%3A%2F%2Fsindifiba.org.br%2Fsite%2Fwp-content%2Fuploads%2F2018%2F08%2FCONVEN%C3%87%C3%83O-SINPSIBA-2018-2019-Assinada.pdf&hl=pt_BR&embedded=true\" class=\"gde-frame\" style=\"width:100%; height:700px; border: none;\" scrolling=\"no\"><\/iframe>\n<p class=\"gde-text\"><a href=\"https:\/\/sindifiba.org.br\/site\/wp-content\/uploads\/2018\/08\/CONVEN\u00c7\u00c3O-SINPSIBA-2018-2019-Assinada.pdf\" class=\"gde-link\">Download (PDF, 2.43MB)<\/a><\/p>\n<p>SINFITO CCT 2018\/2019 &#8211;\u00a0<strong>N\u00ba DE REGISTRO NO MTE: BA000491\/2018 &#8211;\u00a0N\u00ba DA SOLICITA\u00c7\u00c3O: MR047643\/2018<\/strong><\/p>\n<iframe src=\"\/\/docs.google.com\/viewer?url=https%3A%2F%2Fsindifiba.org.br%2Fsite%2Fwp-content%2Fuploads%2F2018%2F08%2FCONVEN%C3%87%C3%83O-SINFITO-2018-2019-Assinada.pdf&hl=pt_BR&embedded=true\" class=\"gde-frame\" style=\"width:100%; height:700px; border: none;\" scrolling=\"no\"><\/iframe>\n<p class=\"gde-text\"><a href=\"https:\/\/sindifiba.org.br\/site\/wp-content\/uploads\/2018\/08\/CONVEN\u00c7\u00c3O-SINFITO-2018-2019-Assinada.pdf\" class=\"gde-link\">Download (PDF, 2.32MB)<\/a><\/p>\n<p>SINDIMAGEM CCT 2018\/2019 &#8211;\u00a0<strong>N\u00ba DE REGISTRO NO MTE: BA000490\/2018 &#8211;\u00a0N\u00ba DA SOLICITA\u00c7\u00c3O: MR047719\/2018<\/strong><\/p>\n<iframe src=\"\/\/docs.google.com\/viewer?url=https%3A%2F%2Fsindifiba.org.br%2Fsite%2Fwp-content%2Fuploads%2F2018%2F08%2FCONVEN%C3%87%C3%83O-SINDIMAGEM-2018-2019-Assinada.pdf&hl=pt_BR&embedded=true\" class=\"gde-frame\" style=\"width:100%; height:700px; border: none;\" scrolling=\"no\"><\/iframe>\n<p class=\"gde-text\"><a href=\"https:\/\/sindifiba.org.br\/site\/wp-content\/uploads\/2018\/08\/CONVEN\u00c7\u00c3O-SINDIMAGEM-2018-2019-Assinada.pdf\" class=\"gde-link\">Download (PDF, 2.16MB)<\/a><\/p>\n<p>SASB CCT 2018\/2019 &#8211;\u00a0<strong>N\u00ba DE REGISTRO NO MTE: BA000495\/2018 &#8211;\u00a0N\u00ba DA SOLICITA\u00c7\u00c3O: MR050439\/2018<\/strong><\/p>\n<iframe src=\"\/\/docs.google.com\/viewer?url=https%3A%2F%2Fsindifiba.org.br%2Fsite%2Fwp-content%2Fuploads%2F2018%2F09%2FCONVEN%C3%87%C3%83O-SASB-2018-2019-Assinada.pdf&hl=pt_BR&embedded=true\" class=\"gde-frame\" style=\"width:100%; height:700px; border: none;\" scrolling=\"no\"><\/iframe>\n<p class=\"gde-text\"><a href=\"https:\/\/sindifiba.org.br\/site\/wp-content\/uploads\/2018\/09\/CONVEN\u00c7\u00c3O-SASB-2018-2019-Assinada.pdf\" class=\"gde-link\">Download (PDF, 2.24MB)<\/a><\/p>\n<p>SINDIFARMA CCT 2018\/2019 &#8211;\u00a0\u00a0<strong>N\u00ba DE REGISTRO NO MTE: BA000082\/2019 &#8211;\u00a0N\u00ba DA SOLICITA\u00c7\u00c3O: <b>MR007130\/2019<\/b><\/strong><\/p>\n<iframe src=\"\/\/docs.google.com\/viewer?url=https%3A%2F%2Fsindifiba.org.br%2Fsite%2Fwp-content%2Fuploads%2F2019%2F02%2FCONVEN%C3%87%C3%83O-SINDIFARMA-2018-2019-Assinada.pdf&hl=pt_BR&embedded=true\" class=\"gde-frame\" style=\"width:100%; height:700px; border: none;\" scrolling=\"no\"><\/iframe>\n<p class=\"gde-text\"><a href=\"https:\/\/sindifiba.org.br\/site\/wp-content\/uploads\/2019\/02\/CONVEN\u00c7\u00c3O-SINDIFARMA-2018-2019-Assinada.pdf\" class=\"gde-link\">Download (PDF, 2.07MB)<\/a><\/p>\n<p>SINTESI\/SINDTAE &#8211; ITAPETINGA CCT 2018\/2019\u00a0<strong>&#8211;\u00a0N\u00ba DA SOLICITA\u00c7\u00c3O: MR057308\/2018<\/strong><\/p>\n<iframe src=\"\/\/docs.google.com\/viewer?url=https%3A%2F%2Fsindifiba.org.br%2Fsite%2Fwp-content%2Fuploads%2F2019%2F02%2FCCT-SINTESI-SINDTAE-SINDIFIBA-ITAPETINGA.pdf&hl=pt_BR&embedded=true\" class=\"gde-frame\" style=\"width:100%; height:700px; border: none;\" scrolling=\"no\"><\/iframe>\n<p class=\"gde-text\"><a href=\"https:\/\/sindifiba.org.br\/site\/wp-content\/uploads\/2019\/02\/CCT-SINTESI-SINDTAE-SINDIFIBA-ITAPETINGA.pdf\" class=\"gde-link\">Download (PDF, 2.16MB)<\/a><\/p>\n","protected":false},"excerpt":{"rendered":"<p>SINDISA\u00daDE CCT 2018\/2019 &#8211;\u00a0N\u00ba DE REGISTRO NO MTE: BA000457\/2018 &#8211;\u00a0N\u00ba DA SOLICITA\u00c7\u00c3O: MR044318\/2018 SEEB CCT 2018\/2019 &#8211;\u00a0N\u00ba DE REGISTRO NO MTE: BA000496\/2018 &#8211;\u00a0N\u00ba DA SOLICITA\u00c7\u00c3O: MR045166\/2018 SINDIMED CCT 2018\/2019 TERMO ADITIVO SINDIMED CCT 2018\/2019 SINDNUT CCT 2018\/2019 &#8211;\u00a0N\u00ba DE REGISTRO NO MTE: BA000456\/2018 &#8211;\u00a0N\u00ba DA SOLICITA\u00c7\u00c3O: MR046106\/2018 SINPSIBA CCT 2018\/2019 SINFITO CCT 2018\/2019 &#8211;\u00a0N\u00ba DE&hellip;<\/p>\n","protected":false},"author":2,"featured_media":0,"parent":0,"menu_order":0,"comment_status":"closed","ping_status":"closed","template":"","meta":[],"_links":{"self":[{"href":"https:\/\/sindifiba.org.br\/site\/wp-json\/wp\/v2\/pages\/1147"}],"collection":[{"href":"https:\/\/sindifiba.org.br\/site\/wp-json\/wp\/v2\/pages"}],"about":[{"href":"https:\/\/sindifiba.org.br\/site\/wp-json\/wp\/v2\/types\/page"}],"author":[{"embeddable":true,"href":"https:\/\/sindifiba.org.br\/site\/wp-json\/wp\/v2\/users\/2"}],"replies":[{"embeddable":true,"href":"https:\/\/sindifiba.org.br\/site\/wp-json\/wp\/v2\/comments?post=1147"}],"version-history":[{"count":18,"href":"https:\/\/sindifiba.org.br\/site\/wp-json\/wp\/v2\/pages\/1147\/revisions"}],"predecessor-version":[{"id":1185,"href":"https:\/\/sindifiba.org.br\/site\/wp-json\/wp\/v2\/pages\/1147\/revisions\/1185"}],"wp:attachment":[{"href":"https:\/\/sindifiba.org.br\/site\/wp-json\/wp\/v2\/media?parent=1147"}],"curies":[{"name":"wp","href":"https:\/\/api.w.org\/{rel}","templated":true}]}}