{"id":1344,"date":"2021-10-13T13:27:41","date_gmt":"2021-10-13T16:27:41","guid":{"rendered":"http:\/\/sindifiba.org.br\/site\/?page_id=1344"},"modified":"2021-11-23T08:44:29","modified_gmt":"2021-11-23T11:44:29","slug":"2021-2022","status":"publish","type":"page","link":"https:\/\/sindifiba.org.br\/site\/2021-2022\/","title":{"rendered":"2021-2022"},"content":{"rendered":"<p><strong>SINDISA\u00daDE CCT 2021\/2022<\/strong><\/p>\n<iframe src=\"\/\/docs.google.com\/viewer?url=https%3A%2F%2Fsindifiba.org.br%2Fsite%2Fwp-content%2Fuploads%2F2021%2F07%2FCONVEN%C3%87%C3%83O-SINDISA%C3%9ADE-2021-2022-Assinada-RETIFICADA.pdf&hl=pt_BR&embedded=true\" class=\"gde-frame\" style=\"width:100%; height:700px; border: none;\" scrolling=\"no\"><\/iframe>\n<p class=\"gde-text\"><a href=\"https:\/\/sindifiba.org.br\/site\/wp-content\/uploads\/2021\/07\/CONVEN\u00c7\u00c3O-SINDISA\u00daDE-2021-2022-Assinada-RETIFICADA.pdf\" class=\"gde-link\">Download (PDF, 3.28MB)<\/a><\/p>\n<p><strong>SINDIMED CCT 2021\/2022<\/strong><\/p>\n<iframe src=\"\/\/docs.google.com\/viewer?url=https%3A%2F%2Fsindifiba.org.br%2Fsite%2Fwp-content%2Fuploads%2F2021%2F10%2FCONVENCAO-SINDIMED-2021-2022-Assinada.pdf&hl=pt_BR&embedded=true\" class=\"gde-frame\" style=\"width:100%; height:700px; border: none;\" scrolling=\"no\"><\/iframe>\n<p class=\"gde-text\"><a href=\"https:\/\/sindifiba.org.br\/site\/wp-content\/uploads\/2021\/10\/CONVENCAO-SINDIMED-2021-2022-Assinada.pdf\" class=\"gde-link\">Download (PDF, 1.95MB)<\/a><\/p>\n<p><strong>SEEB CCT 2021\/2022<\/strong><\/p>\n<iframe src=\"\/\/docs.google.com\/viewer?url=https%3A%2F%2Fsindifiba.org.br%2Fsite%2Fwp-content%2Fuploads%2F2021%2F11%2FConvencao-Coletiva-2021-2022-SEEB.pdf&hl=pt_BR&embedded=true\" class=\"gde-frame\" style=\"width:100%; height:700px; border: none;\" scrolling=\"no\"><\/iframe>\n<p class=\"gde-text\"><a href=\"https:\/\/sindifiba.org.br\/site\/wp-content\/uploads\/2021\/11\/Convencao-Coletiva-2021-2022-SEEB.pdf\" class=\"gde-link\">Download (PDF, 435KB)<\/a><\/p>\n<p><strong>SINDIMAGEM CCT 2021\/2022<\/strong><\/p>\n<iframe src=\"\/\/docs.google.com\/viewer?url=https%3A%2F%2Fsindifiba.org.br%2Fsite%2Fwp-content%2Fuploads%2F2021%2F08%2FCONVEN%C3%87%C3%83O-SINDIMAGEM-2021-2022-Assinada.pdf&hl=pt_BR&embedded=true\" class=\"gde-frame\" style=\"width:100%; height:700px; border: none;\" scrolling=\"no\"><\/iframe>\n<p class=\"gde-text\"><a href=\"https:\/\/sindifiba.org.br\/site\/wp-content\/uploads\/2021\/08\/CONVEN\u00c7\u00c3O-SINDIMAGEM-2021-2022-Assinada.pdf\" class=\"gde-link\">Download (PDF, 2.34MB)<\/a><\/p>\n<p><strong>SINDNUT CCT 2021\/2022<\/strong><\/p>\n<iframe src=\"\/\/docs.google.com\/viewer?url=https%3A%2F%2Fsindifiba.org.br%2Fsite%2Fwp-content%2Fuploads%2F2021%2F10%2FCONVENCAO-SINDNUT-2021-2022-Assinada.pdf&hl=pt_BR&embedded=true\" class=\"gde-frame\" style=\"width:100%; height:700px; border: none;\" scrolling=\"no\"><\/iframe>\n<p class=\"gde-text\"><a href=\"https:\/\/sindifiba.org.br\/site\/wp-content\/uploads\/2021\/10\/CONVENCAO-SINDNUT-2021-2022-Assinada.pdf\" class=\"gde-link\">Download (PDF, 2.28MB)<\/a><\/p>\n<p><strong>SINFITO CCT 2021\/2022<\/strong><\/p>\n<iframe src=\"\/\/docs.google.com\/viewer?url=https%3A%2F%2Fsindifiba.org.br%2Fsite%2Fwp-content%2Fuploads%2F2021%2F10%2FConvencao-Coletiva-2021-2022-SINFITO.pdf&hl=pt_BR&embedded=true\" class=\"gde-frame\" style=\"width:100%; height:700px; border: none;\" scrolling=\"no\"><\/iframe>\n<p class=\"gde-text\"><a href=\"https:\/\/sindifiba.org.br\/site\/wp-content\/uploads\/2021\/10\/Convencao-Coletiva-2021-2022-SINFITO.pdf\" class=\"gde-link\">Download (PDF, 465KB)<\/a><\/p>\n<p><strong>SINPSIBA CCT 2021\/2022<\/strong><\/p>\n<iframe src=\"\/\/docs.google.com\/viewer?url=https%3A%2F%2Fsindifiba.org.br%2Fsite%2Fwp-content%2Fuploads%2F2021%2F10%2FConvencao-Coletiva-2021-2022-SINPSIBA.pdf&hl=pt_BR&embedded=true\" class=\"gde-frame\" style=\"width:100%; height:700px; border: none;\" scrolling=\"no\"><\/iframe>\n<p class=\"gde-text\"><a href=\"https:\/\/sindifiba.org.br\/site\/wp-content\/uploads\/2021\/10\/Convencao-Coletiva-2021-2022-SINPSIBA.pdf\" class=\"gde-link\">Download (PDF, 438KB)<\/a><\/p>\n<p><strong>SASB CCT 2021\/2022<\/strong><\/p>\n<iframe src=\"\/\/docs.google.com\/viewer?url=https%3A%2F%2Fsindifiba.org.br%2Fsite%2Fwp-content%2Fuploads%2F2021%2F10%2FConvencao-Coletiva-2021-2022-SASB.pdf&hl=pt_BR&embedded=true\" class=\"gde-frame\" style=\"width:100%; height:700px; border: none;\" scrolling=\"no\"><\/iframe>\n<p class=\"gde-text\"><a href=\"https:\/\/sindifiba.org.br\/site\/wp-content\/uploads\/2021\/10\/Convencao-Coletiva-2021-2022-SASB.pdf\" class=\"gde-link\">Download (PDF, 462KB)<\/a><\/p>\n<p><strong>SINDIFARMA CCT 2021\/2022<\/strong><\/p>\n<iframe src=\"\/\/docs.google.com\/viewer?url=https%3A%2F%2Fsindifiba.org.br%2Fsite%2Fwp-content%2Fuploads%2F2021%2F10%2FCONVENCAO-SINDIFARMA-2021-2022-Assinada.pdf&hl=pt_BR&embedded=true\" class=\"gde-frame\" style=\"width:100%; height:700px; border: none;\" scrolling=\"no\"><\/iframe>\n<p class=\"gde-text\"><a href=\"https:\/\/sindifiba.org.br\/site\/wp-content\/uploads\/2021\/10\/CONVENCAO-SINDIFARMA-2021-2022-Assinada.pdf\" class=\"gde-link\">Download (PDF, 2.41MB)<\/a><\/p>\n","protected":false},"excerpt":{"rendered":"<p>SINDISA\u00daDE CCT 2021\/2022 SINDIMED CCT 2021\/2022 SEEB CCT 2021\/2022 SINDIMAGEM CCT 2021\/2022 SINDNUT CCT 2021\/2022 SINFITO CCT 2021\/2022 SINPSIBA CCT 2021\/2022 SASB CCT 2021\/2022 SINDIFARMA CCT 2021\/2022<\/p>\n","protected":false},"author":2,"featured_media":0,"parent":0,"menu_order":0,"comment_status":"closed","ping_status":"closed","template":"","meta":[],"_links":{"self":[{"href":"https:\/\/sindifiba.org.br\/site\/wp-json\/wp\/v2\/pages\/1344"}],"collection":[{"href":"https:\/\/sindifiba.org.br\/site\/wp-json\/wp\/v2\/pages"}],"about":[{"href":"https:\/\/sindifiba.org.br\/site\/wp-json\/wp\/v2\/types\/page"}],"author":[{"embeddable":true,"href":"https:\/\/sindifiba.org.br\/site\/wp-json\/wp\/v2\/users\/2"}],"replies":[{"embeddable":true,"href":"https:\/\/sindifiba.org.br\/site\/wp-json\/wp\/v2\/comments?post=1344"}],"version-history":[{"count":6,"href":"https:\/\/sindifiba.org.br\/site\/wp-json\/wp\/v2\/pages\/1344\/revisions"}],"predecessor-version":[{"id":1379,"href":"https:\/\/sindifiba.org.br\/site\/wp-json\/wp\/v2\/pages\/1344\/revisions\/1379"}],"wp:attachment":[{"href":"https:\/\/sindifiba.org.br\/site\/wp-json\/wp\/v2\/media?parent=1344"}],"curies":[{"name":"wp","href":"https:\/\/api.w.org\/{rel}","templated":true}]}}