{"id":2,"date":"2015-12-17T04:12:35","date_gmt":"2015-12-17T04:12:35","guid":{"rendered":"http:\/\/sindifiba.org.br\/site\/?page_id=2"},"modified":"2024-07-29T13:37:57","modified_gmt":"2024-07-29T16:37:57","slug":"sobre","status":"publish","type":"page","link":"https:\/\/sindifiba.org.br\/site\/sobre\/","title":{"rendered":"Quem Somos"},"content":{"rendered":"<p>O SINDIFIBA \u2013 Sindicato das Santas Casas e Entidades Filantr\u00f3picas do Estado da Bahia, entidade de classe que representa a Associa\u00e7\u00e3o Obras Sociais Irm\u00e3 Dulce, Funda\u00e7\u00e3o ABM de Pesquisa na \u00c1rea da Sa\u00fade, Funda\u00e7\u00e3o Jos\u00e9 Silveira, Hospital Humberto Castro Lima, Hospital Portugu\u00eas, Hospital Santa Luzia, Instituto Fernando Filgueiras: IFF,\u00a0 Instituto de Gest\u00e3o e Humaniza\u00e7\u00e3o, Instituto Nacional de Tecnologia e Sa\u00fade, Liga \u00c1lvaro Bahia Contra a Mortalidade Infantil &#8211; Martag\u00e3o Gesteira &#8211; Hospital da Crian\u00e7a, Monte Tabor Centro Italo Brasileiro de Prom Sanitaria, Santa Casa da Bahia, ISAS \u2013 Instituto de Sa\u00fade e A\u00e7\u00e3o Social<strong>, <\/strong>Santa Casa de Miseric\u00f3rdia de Esplanada, Santa Casa de Miseric\u00f3rdia de Itabuna e Santa Casa de\u00a0Miseric\u00f3rdia Ruy Barbosa. S\u00e3o importantes institui\u00e7\u00f5es de sa\u00fade, de diversas especialidades, que se destacam pela qualidade do atendimento, pelo crescente avan\u00e7o no uso de novas tecnologias e pela valoriza\u00e7\u00e3o dos seus recursos humanos, mantendo o prop\u00f3sito do esp\u00edrito da filantropia, de servir ao pr\u00f3ximo. A diversidade das entidades \u2013 de pequenos a hospitais de grande complexidade \u2013 exige do Sindifiba um trabalho constante de orienta\u00e7\u00e3o dos associados, visando \u00e0 estabilidade, seguran\u00e7a e desenvolvimento do setor.<\/p>\n<hr \/>\n<h3><\/h3>\n<h3>O que fazemos?<\/h3>\n<p>Como representante das entidades filantr\u00f3picas, o Sindifiba atua na defesa dos seus associados, visando o fortalecimento do setor, importante gerador de empregos. Al\u00e9m de representar perante as autoridades administrativas e judici\u00e1rias os interesses legais de sua categoria ou individuais de seus associados, o Sindicato celebra contratos e acordos coletivos de trabalho e promove a concilia\u00e7\u00e3o nos diss\u00eddios de trabalho. Tamb\u00e9m promove cursos na \u00e1rea de sa\u00fade para avan\u00e7ar no aprimoramento da atividade e do seu pr\u00f3prio setor e colabora com os poderes p\u00fablicos no desenvolvimento da solidariedade social e mantem interc\u00e2mbio com entidades cong\u00eaneres.<\/p>\n<hr \/>\n<h3><\/h3>\n<h3>Objetivos<\/h3>\n<p>Cabe ao Sindifiba representar perante as autoridades administrativas e judici\u00e1rias os interesses legais de sua categoria ou individuais de seus associados. E mais: colaborar com o Estado no estudo e solu\u00e7\u00e3o dos problemas que se relacionam com a categoria. Para cumprir o seu papel, o Sindifiba tem como um dos seus objetivos eleger os representantes da categoria, com a observ\u00e2ncia rigorosa das leis e dos princ\u00edpios de moral e compreens\u00e3o dos deveres c\u00edvicos.<\/p>\n","protected":false},"excerpt":{"rendered":"<p>O SINDIFIBA \u2013 Sindicato das Santas Casas e Entidades Filantr\u00f3picas do Estado da Bahia, entidade de classe que representa a Associa\u00e7\u00e3o Obras Sociais Irm\u00e3 Dulce, Funda\u00e7\u00e3o ABM de Pesquisa na \u00c1rea da Sa\u00fade, Funda\u00e7\u00e3o Jos\u00e9 Silveira, Hospital Humberto Castro Lima, Hospital Portugu\u00eas, Hospital Santa Luzia, Instituto Fernando Filgueiras: IFF,\u00a0 Instituto de Gest\u00e3o e Humaniza\u00e7\u00e3o, Instituto&hellip;<\/p>\n","protected":false},"author":1,"featured_media":0,"parent":0,"menu_order":0,"comment_status":"closed","ping_status":"closed","template":"","meta":[],"_links":{"self":[{"href":"https:\/\/sindifiba.org.br\/site\/wp-json\/wp\/v2\/pages\/2"}],"collection":[{"href":"https:\/\/sindifiba.org.br\/site\/wp-json\/wp\/v2\/pages"}],"about":[{"href":"https:\/\/sindifiba.org.br\/site\/wp-json\/wp\/v2\/types\/page"}],"author":[{"embeddable":true,"href":"https:\/\/sindifiba.org.br\/site\/wp-json\/wp\/v2\/users\/1"}],"replies":[{"embeddable":true,"href":"https:\/\/sindifiba.org.br\/site\/wp-json\/wp\/v2\/comments?post=2"}],"version-history":[{"count":8,"href":"https:\/\/sindifiba.org.br\/site\/wp-json\/wp\/v2\/pages\/2\/revisions"}],"predecessor-version":[{"id":1467,"href":"https:\/\/sindifiba.org.br\/site\/wp-json\/wp\/v2\/pages\/2\/revisions\/1467"}],"wp:attachment":[{"href":"https:\/\/sindifiba.org.br\/site\/wp-json\/wp\/v2\/media?parent=2"}],"curies":[{"name":"wp","href":"https:\/\/api.w.org\/{rel}","templated":true}]}}