{"id":491,"date":"2016-05-03T16:11:33","date_gmt":"2016-05-03T19:11:33","guid":{"rendered":"http:\/\/sindifiba.org.br\/site\/?page_id=491"},"modified":"2016-07-06T17:44:16","modified_gmt":"2016-07-06T20:44:16","slug":"2012-2013","status":"publish","type":"page","link":"https:\/\/sindifiba.org.br\/site\/2012-2013\/","title":{"rendered":"2012-2013"},"content":{"rendered":"<iframe src=\"\/\/docs.google.com\/viewer?url=https%3A%2F%2Fsindifiba.org.br%2Fsite%2Fwp-content%2Fuploads%2F2016%2F05%2FConven%C3%A7%C3%A3o-SINDISA%C3%9ADE-2012-2013.pdf&hl=pt_BR&embedded=true\" class=\"gde-frame\" style=\"width:100%; height:700px; border: none;\" scrolling=\"no\"><\/iframe>\n<p class=\"gde-text\"><a href=\"https:\/\/sindifiba.org.br\/site\/wp-content\/uploads\/2016\/05\/Conven\u00e7\u00e3o-SINDISA\u00daDE-2012-2013.pdf\" class=\"gde-link\">Download (PDF, 1.09MB)<\/a><\/p>\n<iframe src=\"\/\/docs.google.com\/viewer?url=https%3A%2F%2Fsindifiba.org.br%2Fsite%2Fwp-content%2Fuploads%2F2016%2F05%2FConven%C3%A7%C3%A3o-SEEB-2012-2013.pdf&hl=pt_BR&embedded=true\" class=\"gde-frame\" style=\"width:100%; height:700px; border: none;\" scrolling=\"no\"><\/iframe>\n<p class=\"gde-text\"><a href=\"https:\/\/sindifiba.org.br\/site\/wp-content\/uploads\/2016\/05\/Conven\u00e7\u00e3o-SEEB-2012-2013.pdf\" class=\"gde-link\">Download (PDF, 2.42MB)<\/a><\/p>\n<iframe src=\"\/\/docs.google.com\/viewer?url=https%3A%2F%2Fsindifiba.org.br%2Fsite%2Fwp-content%2Fuploads%2F2016%2F05%2FConven%C3%A7%C3%A3o-SINDIFARMA-2012-2013.pdf&hl=pt_BR&embedded=true\" class=\"gde-frame\" style=\"width:100%; height:700px; border: none;\" scrolling=\"no\"><\/iframe>\n<p class=\"gde-text\"><a href=\"https:\/\/sindifiba.org.br\/site\/wp-content\/uploads\/2016\/05\/Conven\u00e7\u00e3o-SINDIFARMA-2012-2013.pdf\" class=\"gde-link\">Download (PDF, 2.11MB)<\/a><\/p>\n<iframe src=\"\/\/docs.google.com\/viewer?url=https%3A%2F%2Fsindifiba.org.br%2Fsite%2Fwp-content%2Fuploads%2F2016%2F05%2FConven%C3%A7%C3%A3o-SINDIMAGEM-2012-2013.pdf&hl=pt_BR&embedded=true\" class=\"gde-frame\" style=\"width:100%; height:700px; border: none;\" scrolling=\"no\"><\/iframe>\n<p class=\"gde-text\"><a href=\"https:\/\/sindifiba.org.br\/site\/wp-content\/uploads\/2016\/05\/Conven\u00e7\u00e3o-SINDIMAGEM-2012-2013.pdf\" class=\"gde-link\">Download (PDF, 2.19MB)<\/a><\/p>\n<iframe src=\"\/\/docs.google.com\/viewer?url=https%3A%2F%2Fsindifiba.org.br%2Fsite%2Fwp-content%2Fuploads%2F2016%2F05%2FPrimeiro-Aditivo-Conven%C3%A7%C3%A3o-SINDIMAGEM-2012-2013.pdf&hl=pt_BR&embedded=true\" class=\"gde-frame\" style=\"width:100%; height:700px; border: none;\" scrolling=\"no\"><\/iframe>\n<p class=\"gde-text\"><a href=\"https:\/\/sindifiba.org.br\/site\/wp-content\/uploads\/2016\/05\/Primeiro-Aditivo-Conven\u00e7\u00e3o-SINDIMAGEM-2012-2013.pdf\" class=\"gde-link\">Download (PDF, 524KB)<\/a><\/p>\n<iframe src=\"\/\/docs.google.com\/viewer?url=https%3A%2F%2Fsindifiba.org.br%2Fsite%2Fwp-content%2Fuploads%2F2016%2F05%2FConven%C3%A7%C3%A3o-SINFITO-2012-2013.pdf&hl=pt_BR&embedded=true\" class=\"gde-frame\" style=\"width:100%; height:700px; border: none;\" scrolling=\"no\"><\/iframe>\n<p class=\"gde-text\"><a href=\"https:\/\/sindifiba.org.br\/site\/wp-content\/uploads\/2016\/05\/Conven\u00e7\u00e3o-SINFITO-2012-2013.pdf\" class=\"gde-link\">Download (PDF, 2.42MB)<\/a><\/p>\n","protected":false},"excerpt":{"rendered":"<p>Download (PDF, 1.09MB) Download (PDF, 2.42MB) Download (PDF, 2.11MB) Download (PDF, 2.19MB) Download (PDF, 524KB) Download (PDF, 2.42MB)<\/p>\n","protected":false},"author":1,"featured_media":0,"parent":0,"menu_order":0,"comment_status":"closed","ping_status":"closed","template":"","meta":[],"_links":{"self":[{"href":"https:\/\/sindifiba.org.br\/site\/wp-json\/wp\/v2\/pages\/491"}],"collection":[{"href":"https:\/\/sindifiba.org.br\/site\/wp-json\/wp\/v2\/pages"}],"about":[{"href":"https:\/\/sindifiba.org.br\/site\/wp-json\/wp\/v2\/types\/page"}],"author":[{"embeddable":true,"href":"https:\/\/sindifiba.org.br\/site\/wp-json\/wp\/v2\/users\/1"}],"replies":[{"embeddable":true,"href":"https:\/\/sindifiba.org.br\/site\/wp-json\/wp\/v2\/comments?post=491"}],"version-history":[{"count":4,"href":"https:\/\/sindifiba.org.br\/site\/wp-json\/wp\/v2\/pages\/491\/revisions"}],"predecessor-version":[{"id":705,"href":"https:\/\/sindifiba.org.br\/site\/wp-json\/wp\/v2\/pages\/491\/revisions\/705"}],"wp:attachment":[{"href":"https:\/\/sindifiba.org.br\/site\/wp-json\/wp\/v2\/media?parent=491"}],"curies":[{"name":"wp","href":"https:\/\/api.w.org\/{rel}","templated":true}]}}