{"id":517,"date":"2016-05-03T16:48:27","date_gmt":"2016-05-03T19:48:27","guid":{"rendered":"http:\/\/sindifiba.org.br\/site\/?page_id=517"},"modified":"2016-07-06T17:57:23","modified_gmt":"2016-07-06T20:57:23","slug":"2015-2016","status":"publish","type":"page","link":"https:\/\/sindifiba.org.br\/site\/2015-2016\/","title":{"rendered":"2015-2016"},"content":{"rendered":"<iframe src=\"\/\/docs.google.com\/viewer?url=https%3A%2F%2Fsindifiba.org.br%2Fsite%2Fwp-content%2Fuploads%2F2016%2F05%2FCONVEN%C3%87%C3%83O-SINDISA%C3%9ADE-2015-2016.pdf&hl=pt_BR&embedded=true\" class=\"gde-frame\" style=\"width:100%; height:700px; border: none;\" scrolling=\"no\"><\/iframe>\n<p class=\"gde-text\"><a href=\"https:\/\/sindifiba.org.br\/site\/wp-content\/uploads\/2016\/05\/CONVEN\u00c7\u00c3O-SINDISA\u00daDE-2015-2016.pdf\" class=\"gde-link\">Download (PDF, 1.05MB)<\/a><\/p>\n<iframe src=\"\/\/docs.google.com\/viewer?url=https%3A%2F%2Fsindifiba.org.br%2Fsite%2Fwp-content%2Fuploads%2F2016%2F05%2FCONVEN%C3%87%C3%83O-SEEB-2015-2016.pdf&hl=pt_BR&embedded=true\" class=\"gde-frame\" style=\"width:100%; height:700px; border: none;\" scrolling=\"no\"><\/iframe>\n<p class=\"gde-text\"><a href=\"https:\/\/sindifiba.org.br\/site\/wp-content\/uploads\/2016\/05\/CONVEN\u00c7\u00c3O-SEEB-2015-2016.pdf\" class=\"gde-link\">Download (PDF, 979KB)<\/a><\/p>\n<iframe src=\"\/\/docs.google.com\/viewer?url=https%3A%2F%2Fsindifiba.org.br%2Fsite%2Fwp-content%2Fuploads%2F2016%2F05%2FCONVEN%C3%87%C3%83O-SINDIMED-2015-2016.pdf&hl=pt_BR&embedded=true\" class=\"gde-frame\" style=\"width:100%; height:700px; border: none;\" scrolling=\"no\"><\/iframe>\n<p class=\"gde-text\"><a href=\"https:\/\/sindifiba.org.br\/site\/wp-content\/uploads\/2016\/05\/CONVEN\u00c7\u00c3O-SINDIMED-2015-2016.pdf\" class=\"gde-link\">Download (PDF, 670KB)<\/a><\/p>\n<iframe src=\"\/\/docs.google.com\/viewer?url=https%3A%2F%2Fsindifiba.org.br%2Fsite%2Fwp-content%2Fuploads%2F2016%2F05%2FPRIMEIRO-ADITIVO-CONVEN%C3%87%C3%83O-SINDIMED-2015-2016.pdf&hl=pt_BR&embedded=true\" class=\"gde-frame\" style=\"width:100%; height:700px; border: none;\" scrolling=\"no\"><\/iframe>\n<p class=\"gde-text\"><a href=\"https:\/\/sindifiba.org.br\/site\/wp-content\/uploads\/2016\/05\/PRIMEIRO-ADITIVO-CONVEN\u00c7\u00c3O-SINDIMED-2015-2016.pdf\" class=\"gde-link\">Download (PDF, 116KB)<\/a><\/p>\n<iframe src=\"\/\/docs.google.com\/viewer?url=https%3A%2F%2Fsindifiba.org.br%2Fsite%2Fwp-content%2Fuploads%2F2016%2F05%2FCONVEN%C3%87%C3%83O-SINDIFARMA-2015-2016.pdf&hl=pt_BR&embedded=true\" class=\"gde-frame\" style=\"width:100%; height:700px; border: none;\" scrolling=\"no\"><\/iframe>\n<p class=\"gde-text\"><a href=\"https:\/\/sindifiba.org.br\/site\/wp-content\/uploads\/2016\/05\/CONVEN\u00c7\u00c3O-SINDIFARMA-2015-2016.pdf\" class=\"gde-link\">Download (PDF, 912KB)<\/a><\/p>\n<iframe src=\"\/\/docs.google.com\/viewer?url=https%3A%2F%2Fsindifiba.org.br%2Fsite%2Fwp-content%2Fuploads%2F2016%2F05%2FCONVEN%C3%87%C3%83O-SINDIMAGEM-2015-2016.pdf&hl=pt_BR&embedded=true\" class=\"gde-frame\" style=\"width:100%; height:700px; border: none;\" scrolling=\"no\"><\/iframe>\n<p class=\"gde-text\"><a href=\"https:\/\/sindifiba.org.br\/site\/wp-content\/uploads\/2016\/05\/CONVEN\u00c7\u00c3O-SINDIMAGEM-2015-2016.pdf\" class=\"gde-link\">Download (PDF, 731KB)<\/a><\/p>\n<iframe src=\"\/\/docs.google.com\/viewer?url=https%3A%2F%2Fsindifiba.org.br%2Fsite%2Fwp-content%2Fuploads%2F2016%2F05%2FCONVEN%C3%87%C3%83O-SINFITO-2015-2016.pdf&hl=pt_BR&embedded=true\" class=\"gde-frame\" style=\"width:100%; height:700px; border: none;\" scrolling=\"no\"><\/iframe>\n<p class=\"gde-text\"><a href=\"https:\/\/sindifiba.org.br\/site\/wp-content\/uploads\/2016\/05\/CONVEN\u00c7\u00c3O-SINFITO-2015-2016.pdf\" class=\"gde-link\">Download (PDF, 822KB)<\/a><\/p>\n<iframe src=\"\/\/docs.google.com\/viewer?url=https%3A%2F%2Fsindifiba.org.br%2Fsite%2Fwp-content%2Fuploads%2F2016%2F05%2FCONVEN%C3%87%C3%83O-SINPSIBA-2015-2016.pdf&hl=pt_BR&embedded=true\" class=\"gde-frame\" style=\"width:100%; height:700px; border: none;\" scrolling=\"no\"><\/iframe>\n<p class=\"gde-text\"><a href=\"https:\/\/sindifiba.org.br\/site\/wp-content\/uploads\/2016\/05\/CONVEN\u00c7\u00c3O-SINPSIBA-2015-2016.pdf\" class=\"gde-link\">Download (PDF, 926KB)<\/a><\/p>\n<iframe src=\"\/\/docs.google.com\/viewer?url=https%3A%2F%2Fsindifiba.org.br%2Fsite%2Fwp-content%2Fuploads%2F2016%2F05%2FCONVEN%C3%87%C3%83O-SINDNUT-2015-2016.pdf&hl=pt_BR&embedded=true\" class=\"gde-frame\" style=\"width:100%; height:700px; border: none;\" scrolling=\"no\"><\/iframe>\n<p class=\"gde-text\"><a href=\"https:\/\/sindifiba.org.br\/site\/wp-content\/uploads\/2016\/05\/CONVEN\u00c7\u00c3O-SINDNUT-2015-2016.pdf\" class=\"gde-link\">Download (PDF, 822KB)<\/a><\/p>\n<iframe src=\"\/\/docs.google.com\/viewer?url=https%3A%2F%2Fsindifiba.org.br%2Fsite%2Fwp-content%2Fuploads%2F2016%2F05%2FCONVEN%C3%87%C3%83O-SASB-2015-2016.pdf&hl=pt_BR&embedded=true\" class=\"gde-frame\" style=\"width:100%; height:700px; border: none;\" scrolling=\"no\"><\/iframe>\n<p class=\"gde-text\"><a href=\"https:\/\/sindifiba.org.br\/site\/wp-content\/uploads\/2016\/05\/CONVEN\u00c7\u00c3O-SASB-2015-2016.pdf\" class=\"gde-link\">Download (PDF, 879KB)<\/a><\/p>\n","protected":false},"excerpt":{"rendered":"<p>Download (PDF, 1.05MB) Download (PDF, 979KB) Download (PDF, 670KB) Download (PDF, 116KB) Download (PDF, 912KB) Download (PDF, 731KB) Download (PDF, 822KB) Download (PDF, 926KB) Download (PDF, 822KB) Download (PDF, 879KB)<\/p>\n","protected":false},"author":1,"featured_media":0,"parent":0,"menu_order":0,"comment_status":"closed","ping_status":"closed","template":"","meta":[],"_links":{"self":[{"href":"https:\/\/sindifiba.org.br\/site\/wp-json\/wp\/v2\/pages\/517"}],"collection":[{"href":"https:\/\/sindifiba.org.br\/site\/wp-json\/wp\/v2\/pages"}],"about":[{"href":"https:\/\/sindifiba.org.br\/site\/wp-json\/wp\/v2\/types\/page"}],"author":[{"embeddable":true,"href":"https:\/\/sindifiba.org.br\/site\/wp-json\/wp\/v2\/users\/1"}],"replies":[{"embeddable":true,"href":"https:\/\/sindifiba.org.br\/site\/wp-json\/wp\/v2\/comments?post=517"}],"version-history":[{"count":5,"href":"https:\/\/sindifiba.org.br\/site\/wp-json\/wp\/v2\/pages\/517\/revisions"}],"predecessor-version":[{"id":708,"href":"https:\/\/sindifiba.org.br\/site\/wp-json\/wp\/v2\/pages\/517\/revisions\/708"}],"wp:attachment":[{"href":"https:\/\/sindifiba.org.br\/site\/wp-json\/wp\/v2\/media?parent=517"}],"curies":[{"name":"wp","href":"https:\/\/api.w.org\/{rel}","templated":true}]}}