{"id":57,"date":"2017-04-17T15:00:35","date_gmt":"2017-04-17T18:00:35","guid":{"rendered":"http:\/\/sindifiba.org.br\/site\/?page_id=57"},"modified":"2024-02-01T09:56:19","modified_gmt":"2024-02-01T12:56:19","slug":"interior","status":"publish","type":"page","link":"https:\/\/sindifiba.org.br\/site\/interior\/","title":{"rendered":"Interior"},"content":{"rendered":"<p><strong>Santa Casa de Miseric\u00f3rdia de Esplanada<\/strong><\/p>\n<p>Av. S\u00e3o Francisco de Assis, 318, Centro \u2013 Esplanada \u2013 BA. CEP 48.370-000<\/p>\n<p>Tel.: 75 3427-1523<\/p>\n<p><strong>Santa Casa de Miseric\u00f3rdia de\u00a0Itabuna<\/strong><\/p>\n<p>Rua Ant\u00f4nio Muniz, N\u00ba 200, Pontalzinho.\u00a0Itabuna &#8211; Bahia. CEP 45.603-023<\/p>\n<p>Site: http:\/\/www.scmi.com.br\/portal\/<\/p>\n<p>Tel.: 73 3214-9100<\/p>\n\n\n<p><strong>Santa Casa de<\/strong> <strong>Miseric\u00f3rdia Ruy Barbosa<\/strong><\/p>\n\n\n\n<p>\u00a0Rua Juv\u00eancio Xavier, 475 &#8211; Jardim Brazilia, Ruy Barbosa &#8211; Bahia. CEP 46800-000<\/p>\n\n\n\n<p>Tel.: 75 3252-1092<\/p>\n\n\n\n<p><strong>ISAS &#8211; Instituto de Sa\u00fade e A\u00e7\u00e3o Social<\/strong><\/p>\n\n\n\n<p>Rua Antenor Moreira de Pinho, 75 &#8211; Jardim Ac\u00e1cia, Feira de Santana &#8211; Bahia 44004-424<\/p>\n\n\n\n<p>Site: https:\/\/www.isas.org.br\/<\/p>\n\n\n\n<p>Tel.: 75 3199-9201<\/p>\n","protected":false},"excerpt":{"rendered":"<p>Santa Casa de Miseric\u00f3rdia de Esplanada Av. S\u00e3o Francisco de Assis, 318, Centro \u2013 Esplanada \u2013 BA. CEP 48.370-000 Tel.: 75 3427-1523 Santa Casa de Miseric\u00f3rdia de\u00a0Itabuna Rua Ant\u00f4nio Muniz, N\u00ba 200, Pontalzinho.\u00a0Itabuna &#8211; Bahia. CEP 45.603-023 Site: http:\/\/www.scmi.com.br\/portal\/ Tel.: 73 3214-9100 Santa Casa de Miseric\u00f3rdia Ruy Barbosa \u00a0Rua Juv\u00eancio Xavier, 475 &#8211; Jardim Brazilia,&hellip;<\/p>\n","protected":false},"author":1,"featured_media":0,"parent":0,"menu_order":0,"comment_status":"closed","ping_status":"closed","template":"","meta":[],"_links":{"self":[{"href":"https:\/\/sindifiba.org.br\/site\/wp-json\/wp\/v2\/pages\/57"}],"collection":[{"href":"https:\/\/sindifiba.org.br\/site\/wp-json\/wp\/v2\/pages"}],"about":[{"href":"https:\/\/sindifiba.org.br\/site\/wp-json\/wp\/v2\/types\/page"}],"author":[{"embeddable":true,"href":"https:\/\/sindifiba.org.br\/site\/wp-json\/wp\/v2\/users\/1"}],"replies":[{"embeddable":true,"href":"https:\/\/sindifiba.org.br\/site\/wp-json\/wp\/v2\/comments?post=57"}],"version-history":[{"count":13,"href":"https:\/\/sindifiba.org.br\/site\/wp-json\/wp\/v2\/pages\/57\/revisions"}],"predecessor-version":[{"id":1435,"href":"https:\/\/sindifiba.org.br\/site\/wp-json\/wp\/v2\/pages\/57\/revisions\/1435"}],"wp:attachment":[{"href":"https:\/\/sindifiba.org.br\/site\/wp-json\/wp\/v2\/media?parent=57"}],"curies":[{"name":"wp","href":"https:\/\/api.w.org\/{rel}","templated":true}]}}